{"id":3159,"date":"2024-06-03T12:12:13","date_gmt":"2024-06-03T15:12:13","guid":{"rendered":"https:\/\/comarkaexpediciones.com\/ski-en-argentina\/"},"modified":"2024-06-10T09:32:15","modified_gmt":"2024-06-10T12:32:15","slug":"ski-en-argentina","status":"publish","type":"page","link":"https:\/\/comarkaexpediciones.com\/en\/ski-en-argentina\/","title":{"rendered":"Skiing in Argentina"},"content":{"rendered":"<p>[vc_row type=&#8221;vc_default&#8221; content_placement=&#8221;top&#8221;][vc_column width=&#8221;1\/6&#8243;][\/vc_column][vc_column width=&#8221;2\/3&#8243;]<div id=\"ultimate-heading-55769dedcfa2ab83\" class=\"uvc-heading ult-adjust-bottom-margin ultimate-heading-55769dedcfa2ab83 uvc-2410 \" data-hspacer=\"no_spacer\"  data-halign=\"left\" style=\"text-align:left\"><div class=\"uvc-heading-spacer no_spacer\" style=\"top\"><\/div><div class=\"uvc-sub-heading ult-responsive\"  data-ultimate-target='.uvc-heading.ultimate-heading-55769dedcfa2ab83 .uvc-sub-heading '  data-responsive-json-new='{\"font-size\":\"\",\"line-height\":\"\"}'  style=\"font-weight:normal;margin-top:20px;\">Argentina, a ski paradise in South America, offers a variety of ski resorts that captivate snow enthusiasts. In Patagonia, Bariloche stands out with Cerro Catedral, an extensive complex with slopes for all levels. Las Le\u00f1as, in Mendoza, attracts with its challenging terrain and quality snow. Neuqu\u00e9n is home to Cerro Chapelco, with impressive views and a family atmosphere. Furthermore, in Tierra del Fuego, Cerro Castor surprises with its unique location in the extreme south of the country. These destinations offer not only excellent skiing conditions, but also spectacular landscapes and an unforgettable snow experience.<\/p>\n<p>Get ready to enjoy the excitement of skiing in Argentina!<\/div><\/div>[\/vc_column][vc_column width=&#8221;1\/6&#8243;][\/vc_column][\/vc_row][vc_row][vc_column]<div class=\"ult-spacer spacer-69dedcfa2abea\" data-id=\"69dedcfa2abea\" data-height=\"60\" data-height-mobile=\"60\" data-height-tab=\"60\" data-height-tab-portrait=\"\" data-height-mobile-landscape=\"\" style=\"clear:both;display:block;\"><\/div>[\/vc_column][\/vc_row][vc_row type=&#8221;vc_default&#8221; css=&#8221;.vc_custom_1718022733015{margin-top: 40px !important;}&#8221;][vc_column][vc_custom_heading text=&#8221;Reserve your Ski destination&#8221; font_container=&#8221;tag:h2|font_size:40|text_align:center|color:%23000000|line_height:45px&#8221; google_fonts=&#8221;font_family:Montserrat%3Aregular%2C700|font_style:700%20bold%20regular%3A700%3Anormal&#8221; css=&#8221;.vc_custom_1717451213730{margin-top: -15px !important;}&#8221;]<div class=\"ult-spacer spacer-69dedcfa2ac18\" data-id=\"69dedcfa2ac18\" data-height=\"20\" data-height-mobile=\"20\" data-height-tab=\"20\" data-height-tab-portrait=\"\" data-height-mobile-landscape=\"\" style=\"clear:both;display:block;\"><\/div>[vc_row_inner gap=&#8221;35&#8243;][vc_column_inner width=&#8221;1\/3&#8243;][vc_single_image image=&#8221;3186&#8243; img_size=&#8221;full&#8221; alignment=&#8221;center&#8221;][vc_custom_heading text=&#8221;BARILOCHE&#8221; font_container=&#8221;tag:h3|text_align:center|color:%23009fe3&#8243; google_fonts=&#8221;font_family:Montserrat%3Aregular%2C700|font_style:700%20bold%20regular%3A700%3Anormal&#8221; css=&#8221;.vc_custom_1717450608020{margin-top: -10px !important;}&#8221;][vc_custom_heading text=&#8221;Cerro Catedral&#8221; font_container=&#8221;tag:h4|text_align:center|color:%23000000&#8243; google_fonts=&#8221;font_family:Montserrat%3Aregular%2C700|font_style:400%20regular%3A400%3Anormal&#8221; css=&#8221;.vc_custom_1717450367244{margin-top: -10px !important;}&#8221;]<style type=\"text\/css\" data-type=\"the7_shortcodes-inline-css\">#default-btn-718f7a4c955d800e4245cd085f86009a.ico-right-side > i {\n  margin-right: 0px;\n  margin-left: 8px;\n}\n#default-btn-718f7a4c955d800e4245cd085f86009a > i {\n  margin-right: 8px;\n}\n<\/style><div class=\"btn-align-center\"><a href=\"https:\/\/wa.me\/5492945351919\" class=\"default-btn-shortcode dt-btn dt-btn-s link-hover-off \" target=\"_blank\" id=\"default-btn-718f7a4c955d800e4245cd085f86009a\" rel=\"noopener\"><i class=\"icomoon-the7-font-whatsapp\"><\/i><span>CONTACT US<\/span><\/a><\/div>[\/vc_column_inner][vc_column_inner width=&#8221;1\/3&#8243;][vc_single_image image=&#8221;3188&#8243; img_size=&#8221;full&#8221; alignment=&#8221;center&#8221;][vc_custom_heading text=&#8221;USHUAIA&#8221; font_container=&#8221;tag:h3|text_align:center|color:%23009fe3&#8243; google_fonts=&#8221;font_family:Montserrat%3Aregular%2C700|font_style:700%20bold%20regular%3A700%3Anormal&#8221; css=&#8221;.vc_custom_1717450656360{margin-top: -10px !important;}&#8221;][vc_custom_heading text=&#8221;Cerro Castor&#8221; font_container=&#8221;tag:h4|text_align:center|color:%23000000&#8243; google_fonts=&#8221;font_family:Montserrat%3Aregular%2C700|font_style:400%20regular%3A400%3Anormal&#8221; css=&#8221;.vc_custom_1717450375880{margin-top: -10px !important;}&#8221;]<style type=\"text\/css\" data-type=\"the7_shortcodes-inline-css\">#default-btn-718f7a4c955d800e4245cd085f86009a.ico-right-side > i {\n  margin-right: 0px;\n  margin-left: 8px;\n}\n#default-btn-718f7a4c955d800e4245cd085f86009a > i {\n  margin-right: 8px;\n}\n<\/style><div class=\"btn-align-center\"><a href=\"https:\/\/wa.me\/5492945351919\" class=\"default-btn-shortcode dt-btn dt-btn-s link-hover-off \" target=\"_blank\" id=\"default-btn-718f7a4c955d800e4245cd085f86009a\" rel=\"noopener\"><i class=\"icomoon-the7-font-whatsapp\"><\/i><span>CONTACT US<\/span><\/a><\/div>[\/vc_column_inner][vc_column_inner width=&#8221;1\/3&#8243;][vc_single_image image=&#8221;3153&#8243; img_size=&#8221;full&#8221; alignment=&#8221;center&#8221;][vc_custom_heading text=&#8221;SAN MART\u00cdN DE LOS ANDES&#8221; font_container=&#8221;tag:h3|text_align:center|color:%23009fe3&#8243; google_fonts=&#8221;font_family:Montserrat%3Aregular%2C700|font_style:700%20bold%20regular%3A700%3Anormal&#8221; css=&#8221;.vc_custom_1717450663576{margin-top: -10px !important;}&#8221;][vc_custom_heading text=&#8221;Cerro Chapelco&#8221; font_container=&#8221;tag:h4|text_align:center|color:%23000000&#8243; google_fonts=&#8221;font_family:Montserrat%3Aregular%2C700|font_style:400%20regular%3A400%3Anormal&#8221; css=&#8221;.vc_custom_1717450382290{margin-top: -10px !important;}&#8221;]<style type=\"text\/css\" data-type=\"the7_shortcodes-inline-css\">#default-btn-718f7a4c955d800e4245cd085f86009a.ico-right-side > i {\n  margin-right: 0px;\n  margin-left: 8px;\n}\n#default-btn-718f7a4c955d800e4245cd085f86009a > i {\n  margin-right: 8px;\n}\n<\/style><div class=\"btn-align-center\"><a href=\"https:\/\/wa.me\/5492945351919\" class=\"default-btn-shortcode dt-btn dt-btn-s link-hover-off \" target=\"_blank\" id=\"default-btn-718f7a4c955d800e4245cd085f86009a\" rel=\"noopener\"><i class=\"icomoon-the7-font-whatsapp\"><\/i><span>CONTACT US<\/span><\/a><\/div>[\/vc_column_inner][\/vc_row_inner][vc_row_inner gap=&#8221;35&#8243; css=&#8221;.vc_custom_1717450640833{margin-top: 30px !important;}&#8221;][vc_column_inner width=&#8221;1\/3&#8243;][vc_single_image image=&#8221;3155&#8243; img_size=&#8221;full&#8221; alignment=&#8221;center&#8221;][vc_custom_heading text=&#8221;ESQUEL&#8221; font_container=&#8221;tag:h3|text_align:center|color:%23009fe3&#8243; google_fonts=&#8221;font_family:Montserrat%3Aregular%2C700|font_style:700%20bold%20regular%3A700%3Anormal&#8221; css=&#8221;.vc_custom_1717450671360{margin-top: -10px !important;}&#8221;][vc_custom_heading text=&#8221;La Hoya&#8221; font_container=&#8221;tag:h4|text_align:center|color:%23000000&#8243; google_fonts=&#8221;font_family:Montserrat%3Aregular%2C700|font_style:400%20regular%3A400%3Anormal&#8221; css=&#8221;.vc_custom_1717450389876{margin-top: -10px !important;}&#8221;]<style type=\"text\/css\" data-type=\"the7_shortcodes-inline-css\">#default-btn-718f7a4c955d800e4245cd085f86009a.ico-right-side > i {\n  margin-right: 0px;\n  margin-left: 8px;\n}\n#default-btn-718f7a4c955d800e4245cd085f86009a > i {\n  margin-right: 8px;\n}\n<\/style><div class=\"btn-align-center\"><a href=\"https:\/\/wa.me\/5492945351919\" class=\"default-btn-shortcode dt-btn dt-btn-s link-hover-off \" target=\"_blank\" id=\"default-btn-718f7a4c955d800e4245cd085f86009a\" rel=\"noopener\"><i class=\"icomoon-the7-font-whatsapp\"><\/i><span>CONTACT US<\/span><\/a><\/div>[\/vc_column_inner][vc_column_inner width=&#8221;1\/3&#8243;][vc_single_image image=&#8221;3151&#8243; img_size=&#8221;full&#8221; alignment=&#8221;center&#8221;][vc_custom_heading text=&#8221;VILLA LA ANGOSTURA&#8221; font_container=&#8221;tag:h3|text_align:center|color:%23009fe3&#8243; google_fonts=&#8221;font_family:Montserrat%3Aregular%2C700|font_style:700%20bold%20regular%3A700%3Anormal&#8221; css=&#8221;.vc_custom_1717450680057{margin-top: -10px !important;}&#8221;][vc_custom_heading text=&#8221;Cerro Bayo&#8221; font_container=&#8221;tag:h4|text_align:center|color:%23000000&#8243; google_fonts=&#8221;font_family:Montserrat%3Aregular%2C700|font_style:400%20regular%3A400%3Anormal&#8221; css=&#8221;.vc_custom_1717450397625{margin-top: -10px !important;}&#8221;]<style type=\"text\/css\" data-type=\"the7_shortcodes-inline-css\">#default-btn-718f7a4c955d800e4245cd085f86009a.ico-right-side > i {\n  margin-right: 0px;\n  margin-left: 8px;\n}\n#default-btn-718f7a4c955d800e4245cd085f86009a > i {\n  margin-right: 8px;\n}\n<\/style><div class=\"btn-align-center\"><a href=\"https:\/\/wa.me\/5492945351919\" class=\"default-btn-shortcode dt-btn dt-btn-s link-hover-off \" target=\"_blank\" id=\"default-btn-718f7a4c955d800e4245cd085f86009a\" rel=\"noopener\"><i class=\"icomoon-the7-font-whatsapp\"><\/i><span>CONTACT US<\/span><\/a><\/div>[\/vc_column_inner][vc_column_inner width=&#8221;1\/3&#8243;][\/vc_column_inner][\/vc_row_inner][\/vc_column][\/vc_row]<\/p>\n","protected":false},"excerpt":{"rendered":"<p>[vc_row type=&#8221;vc_default&#8221; content_placement=&#8221;top&#8221;][vc_column width=&#8221;1\/6&#8243;][\/vc_column][vc_column width=&#8221;2\/3&#8243;][\/vc_column][vc_column width=&#8221;1\/6&#8243;][\/vc_column][\/vc_row][vc_row][vc_column][\/vc_column][\/vc_row][vc_row type=&#8221;vc_default&#8221; css=&#8221;.vc_custom_1718022733015{margin-top: 40px !important;}&#8221;][vc_column][vc_custom_heading text=&#8221;Reserve your Ski destination&#8221; font_container=&#8221;tag:h2|font_size:40|text_align:center|color:%23000000|line_height:45px&#8221; google_fonts=&#8221;font_family:Montserrat%3Aregular%2C700|font_style:700%20bold%20regular%3A700%3Anormal&#8221; css=&#8221;.vc_custom_1717451213730{margin-top: -15px !important;}&#8221;][vc_row_inner gap=&#8221;35&#8243;][vc_column_inner width=&#8221;1\/3&#8243;][vc_single_image image=&#8221;3186&#8243; img_size=&#8221;full&#8221; alignment=&#8221;center&#8221;][vc_custom_heading text=&#8221;BARILOCHE&#8221; font_container=&#8221;tag:h3|text_align:center|color:%23009fe3&#8243; google_fonts=&#8221;font_family:Montserrat%3Aregular%2C700|font_style:700%20bold%20regular%3A700%3Anormal&#8221; css=&#8221;.vc_custom_1717450608020{margin-top: -10px !important;}&#8221;][vc_custom_heading text=&#8221;Cerro Catedral&#8221; font_container=&#8221;tag:h4|text_align:center|color:%23000000&#8243; google_fonts=&#8221;font_family:Montserrat%3Aregular%2C700|font_style:400%20regular%3A400%3Anormal&#8221; css=&#8221;.vc_custom_1717450367244{margin-top: -10px !important;}&#8221;][\/vc_column_inner][vc_column_inner width=&#8221;1\/3&#8243;][vc_single_image image=&#8221;3188&#8243; img_size=&#8221;full&#8221; alignment=&#8221;center&#8221;][vc_custom_heading text=&#8221;USHUAIA&#8221; font_container=&#8221;tag:h3|text_align:center|color:%23009fe3&#8243; google_fonts=&#8221;font_family:Montserrat%3Aregular%2C700|font_style:700%20bold%20regular%3A700%3Anormal&#8221; css=&#8221;.vc_custom_1717450656360{margin-top: -10px !important;}&#8221;][vc_custom_heading text=&#8221;Cerro Castor&#8221; font_container=&#8221;tag:h4|text_align:center|color:%23000000&#8243; google_fonts=&#8221;font_family:Montserrat%3Aregular%2C700|font_style:400%20regular%3A400%3Anormal&#8221; css=&#8221;.vc_custom_1717450375880{margin-top: -10px !important;}&#8221;][\/vc_column_inner][vc_column_inner width=&#8221;1\/3&#8243;][vc_single_image&hellip;<\/p>\n","protected":false},"author":1,"featured_media":0,"parent":0,"menu_order":0,"comment_status":"closed","ping_status":"closed","template":"","meta":{"_joinchat":[],"footnotes":""},"class_list":["post-3159","page","type-page","status-publish","hentry","description-off"],"yoast_head":"<!-- This site is optimized with the Yoast SEO plugin v24.2 - https:\/\/yoast.com\/wordpress\/plugins\/seo\/ -->\n<title>Ski en Argentina - Comarka Expediciones<\/title>\n<meta name=\"description\" content=\"Argentina, un para\u00edso del esqu\u00ed en Sudam\u00e9rica, ofrece una variedad de centros de esqu\u00ed que cautivan a los entusiastas de la nieve.\" \/>\n<meta name=\"robots\" content=\"index, follow, max-snippet:-1, max-image-preview:large, max-video-preview:-1\" \/>\n<link rel=\"canonical\" href=\"https:\/\/comarkaexpediciones.com\/en\/ski-en-argentina\/\" \/>\n<meta property=\"og:locale\" content=\"en_US\" \/>\n<meta property=\"og:type\" content=\"article\" \/>\n<meta property=\"og:title\" content=\"Ski en Argentina - Comarka Expediciones\" \/>\n<meta property=\"og:description\" content=\"Argentina, un para\u00edso del esqu\u00ed en Sudam\u00e9rica, ofrece una variedad de centros de esqu\u00ed que cautivan a los entusiastas de la nieve.\" \/>\n<meta property=\"og:url\" content=\"https:\/\/comarkaexpediciones.com\/en\/ski-en-argentina\/\" \/>\n<meta property=\"og:site_name\" content=\"Comarka Expediciones | Rafting\" \/>\n<meta property=\"article:modified_time\" content=\"2024-06-10T12:32:15+00:00\" \/>\n<meta name=\"twitter:card\" content=\"summary_large_image\" \/>\n<meta name=\"twitter:label1\" content=\"Est. reading time\" \/>\n\t<meta name=\"twitter:data1\" content=\"2 minutes\" \/>\n<script type=\"application\/ld+json\" class=\"yoast-schema-graph\">{\"@context\":\"https:\/\/schema.org\",\"@graph\":[{\"@type\":\"WebPage\",\"@id\":\"https:\/\/comarkaexpediciones.com\/en\/ski-en-argentina\/\",\"url\":\"https:\/\/comarkaexpediciones.com\/en\/ski-en-argentina\/\",\"name\":\"Ski en Argentina - Comarka Expediciones\",\"isPartOf\":{\"@id\":\"https:\/\/comarkaexpediciones.com\/#website\"},\"datePublished\":\"2024-06-03T15:12:13+00:00\",\"dateModified\":\"2024-06-10T12:32:15+00:00\",\"description\":\"Argentina, un para\u00edso del esqu\u00ed en Sudam\u00e9rica, ofrece una variedad de centros de esqu\u00ed que cautivan a los entusiastas de la nieve.\",\"breadcrumb\":{\"@id\":\"https:\/\/comarkaexpediciones.com\/en\/ski-en-argentina\/#breadcrumb\"},\"inLanguage\":\"en-US\",\"potentialAction\":[{\"@type\":\"ReadAction\",\"target\":[\"https:\/\/comarkaexpediciones.com\/en\/ski-en-argentina\/\"]}]},{\"@type\":\"BreadcrumbList\",\"@id\":\"https:\/\/comarkaexpediciones.com\/en\/ski-en-argentina\/#breadcrumb\",\"itemListElement\":[{\"@type\":\"ListItem\",\"position\":1,\"name\":\"Portada\",\"item\":\"https:\/\/comarkaexpediciones.com\/en\/\"},{\"@type\":\"ListItem\",\"position\":2,\"name\":\"Skiing in Argentina\"}]},{\"@type\":\"WebSite\",\"@id\":\"https:\/\/comarkaexpediciones.com\/#website\",\"url\":\"https:\/\/comarkaexpediciones.com\/\",\"name\":\"Comarka Expediciones | Rafting\",\"description\":\"Rafting en el Chalt\u00e9n y Chubut\",\"publisher\":{\"@id\":\"https:\/\/comarkaexpediciones.com\/#organization\"},\"potentialAction\":[{\"@type\":\"SearchAction\",\"target\":{\"@type\":\"EntryPoint\",\"urlTemplate\":\"https:\/\/comarkaexpediciones.com\/?s={search_term_string}\"},\"query-input\":{\"@type\":\"PropertyValueSpecification\",\"valueRequired\":true,\"valueName\":\"search_term_string\"}}],\"inLanguage\":\"en-US\"},{\"@type\":\"Organization\",\"@id\":\"https:\/\/comarkaexpediciones.com\/#organization\",\"name\":\"Comarka Expediciones\",\"url\":\"https:\/\/comarkaexpediciones.com\/\",\"logo\":{\"@type\":\"ImageObject\",\"inLanguage\":\"en-US\",\"@id\":\"https:\/\/comarkaexpediciones.com\/#\/schema\/logo\/image\/\",\"url\":\"https:\/\/comarkaexpediciones.com\/wp-content\/uploads\/2021\/12\/login-1.png\",\"contentUrl\":\"https:\/\/comarkaexpediciones.com\/wp-content\/uploads\/2021\/12\/login-1.png\",\"width\":200,\"height\":200,\"caption\":\"Comarka Expediciones\"},\"image\":{\"@id\":\"https:\/\/comarkaexpediciones.com\/#\/schema\/logo\/image\/\"}}]}<\/script>\n<!-- \/ Yoast SEO plugin. -->","yoast_head_json":{"title":"Ski en Argentina - Comarka Expediciones","description":"Argentina, un para\u00edso del esqu\u00ed en Sudam\u00e9rica, ofrece una variedad de centros de esqu\u00ed que cautivan a los entusiastas de la nieve.","robots":{"index":"index","follow":"follow","max-snippet":"max-snippet:-1","max-image-preview":"max-image-preview:large","max-video-preview":"max-video-preview:-1"},"canonical":"https:\/\/comarkaexpediciones.com\/en\/ski-en-argentina\/","og_locale":"en_US","og_type":"article","og_title":"Ski en Argentina - Comarka Expediciones","og_description":"Argentina, un para\u00edso del esqu\u00ed en Sudam\u00e9rica, ofrece una variedad de centros de esqu\u00ed que cautivan a los entusiastas de la nieve.","og_url":"https:\/\/comarkaexpediciones.com\/en\/ski-en-argentina\/","og_site_name":"Comarka Expediciones | Rafting","article_modified_time":"2024-06-10T12:32:15+00:00","twitter_card":"summary_large_image","twitter_misc":{"Est. reading time":"2 minutes"},"schema":{"@context":"https:\/\/schema.org","@graph":[{"@type":"WebPage","@id":"https:\/\/comarkaexpediciones.com\/en\/ski-en-argentina\/","url":"https:\/\/comarkaexpediciones.com\/en\/ski-en-argentina\/","name":"Ski en Argentina - Comarka Expediciones","isPartOf":{"@id":"https:\/\/comarkaexpediciones.com\/#website"},"datePublished":"2024-06-03T15:12:13+00:00","dateModified":"2024-06-10T12:32:15+00:00","description":"Argentina, un para\u00edso del esqu\u00ed en Sudam\u00e9rica, ofrece una variedad de centros de esqu\u00ed que cautivan a los entusiastas de la nieve.","breadcrumb":{"@id":"https:\/\/comarkaexpediciones.com\/en\/ski-en-argentina\/#breadcrumb"},"inLanguage":"en-US","potentialAction":[{"@type":"ReadAction","target":["https:\/\/comarkaexpediciones.com\/en\/ski-en-argentina\/"]}]},{"@type":"BreadcrumbList","@id":"https:\/\/comarkaexpediciones.com\/en\/ski-en-argentina\/#breadcrumb","itemListElement":[{"@type":"ListItem","position":1,"name":"Portada","item":"https:\/\/comarkaexpediciones.com\/en\/"},{"@type":"ListItem","position":2,"name":"Skiing in Argentina"}]},{"@type":"WebSite","@id":"https:\/\/comarkaexpediciones.com\/#website","url":"https:\/\/comarkaexpediciones.com\/","name":"Comarka Expediciones | Rafting","description":"Rafting en el Chalt\u00e9n y Chubut","publisher":{"@id":"https:\/\/comarkaexpediciones.com\/#organization"},"potentialAction":[{"@type":"SearchAction","target":{"@type":"EntryPoint","urlTemplate":"https:\/\/comarkaexpediciones.com\/?s={search_term_string}"},"query-input":{"@type":"PropertyValueSpecification","valueRequired":true,"valueName":"search_term_string"}}],"inLanguage":"en-US"},{"@type":"Organization","@id":"https:\/\/comarkaexpediciones.com\/#organization","name":"Comarka Expediciones","url":"https:\/\/comarkaexpediciones.com\/","logo":{"@type":"ImageObject","inLanguage":"en-US","@id":"https:\/\/comarkaexpediciones.com\/#\/schema\/logo\/image\/","url":"https:\/\/comarkaexpediciones.com\/wp-content\/uploads\/2021\/12\/login-1.png","contentUrl":"https:\/\/comarkaexpediciones.com\/wp-content\/uploads\/2021\/12\/login-1.png","width":200,"height":200,"caption":"Comarka Expediciones"},"image":{"@id":"https:\/\/comarkaexpediciones.com\/#\/schema\/logo\/image\/"}}]}},"_links":{"self":[{"href":"https:\/\/comarkaexpediciones.com\/en\/wp-json\/wp\/v2\/pages\/3159","targetHints":{"allow":["GET"]}}],"collection":[{"href":"https:\/\/comarkaexpediciones.com\/en\/wp-json\/wp\/v2\/pages"}],"about":[{"href":"https:\/\/comarkaexpediciones.com\/en\/wp-json\/wp\/v2\/types\/page"}],"author":[{"embeddable":true,"href":"https:\/\/comarkaexpediciones.com\/en\/wp-json\/wp\/v2\/users\/1"}],"replies":[{"embeddable":true,"href":"https:\/\/comarkaexpediciones.com\/en\/wp-json\/wp\/v2\/comments?post=3159"}],"version-history":[{"count":0,"href":"https:\/\/comarkaexpediciones.com\/en\/wp-json\/wp\/v2\/pages\/3159\/revisions"}],"wp:attachment":[{"href":"https:\/\/comarkaexpediciones.com\/en\/wp-json\/wp\/v2\/media?parent=3159"}],"curies":[{"name":"wp","href":"https:\/\/api.w.org\/{rel}","templated":true}]}}