{"id":2743,"date":"2023-09-15T16:39:30","date_gmt":"2023-09-15T19:39:30","guid":{"rendered":"https:\/\/comarkaexpediciones.com\/prensa\/"},"modified":"2023-09-15T16:43:15","modified_gmt":"2023-09-15T19:43:15","slug":"prensa","status":"publish","type":"page","link":"https:\/\/comarkaexpediciones.com\/en\/prensa\/","title":{"rendered":"Press releases"},"content":{"rendered":"<p>[vc_row type=&#8221;vc_default&#8221; css=&#8221;.vc_custom_1680266693864{margin-top: 40px !important;}&#8221;][vc_column][vc_column_text]<strong>Tiempo ar<br \/>\n<\/strong><a href=\"https:\/\/www.tiempoar.com.ar\/informacion-general\/mundial-de-natacion-de-aguas-frias-naturaleza-y-deporte-siempre-un-desafio-para-los-amantes-de-la-aventura\/\" target=\"_blank\" rel=\"noopener\">Mundial de Nataci\u00f3n de Aguas Fr\u00edas: naturaleza y deporte, siempre un desaf\u00edo para los amantes de la aventura<\/a><\/p>\n<div class=\"gap\" style=\"line-height: 10px; height: 10px;\"><\/div>\n<p><strong>Clar\u00edn<\/strong><br \/>\n<a href=\"https:\/\/www.clarin.com\/viajes\/travesia-original-cruce-andes-rafting_0_bR5rpTTstD.html\" target=\"_blank\" rel=\"noopener\">Una traves\u00eda original: c\u00f3mo es el Cruce de los Andes \u00a1en rafting!<\/a><\/p>\n<div class=\"gap\" style=\"line-height: 10px; height: 10px;\"><\/div>\n<p><strong>Vivir Viajando<\/strong><br \/>\n<a href=\"https:\/\/vivirviajando.com.ar\/blog\/2023\/08\/17\/programa-especial-para-almas-libres-en-una-expedicion-por-el-rio-santa-cruz\/\" target=\"_blank\" rel=\"noopener\">Programa especial para almas libres en una expedicion por el R\u00edo Santa Cruz<\/a><\/p>\n<div class=\"gap\" style=\"line-height: 10px; height: 10px;\"><\/div>\n<p><strong>Viajando<\/strong><br \/>\n<a href=\"https:\/\/argentina.viajando.travel\/patagonia\/una-expedicion-unica-la-patagonia-que-comienza-el-lago-argentino-y-termina-el-mar-n56572\" target=\"_blank\" rel=\"noopener\">Este art\u00edculo fue hecho gracias al esfuerzo de trabajo de un periodista profesional.\u00a0\u00a0<\/a><\/p>\n<div class=\"gap\" style=\"line-height: 10px; height: 10px;\"><\/div>\n<p><strong>Revista Weekend<\/strong><br \/>\n<a href=\"https:\/\/weekend.perfil.com\/noticias\/aventura\/kayak-y-rafting-en-la-patagonia-una-aventura-para-disfrutar-del-entorno.phtml\" target=\"_blank\" rel=\"noopener\">Kayak y rafting en la Patagonia: una aventura para disfrutar del entorno<\/a>[\/vc_column_text][\/vc_column][\/vc_row]<\/p>\n","protected":false},"excerpt":{"rendered":"<p>[vc_row type=&#8221;vc_default&#8221; css=&#8221;.vc_custom_1680266693864{margin-top: 40px !important;}&#8221;][vc_column][vc_column_text]Tiempo ar Mundial de Nataci\u00f3n de Aguas Fr\u00edas: naturaleza y deporte, siempre un desaf\u00edo para los amantes de la aventura Clar\u00edn Una traves\u00eda original: c\u00f3mo es el Cruce de los Andes \u00a1en rafting! Vivir Viajando Programa especial para almas libres en una expedicion por el R\u00edo Santa Cruz Viajando Este art\u00edculo&hellip;<\/p>\n","protected":false},"author":1,"featured_media":0,"parent":0,"menu_order":0,"comment_status":"closed","ping_status":"closed","template":"","meta":{"_joinchat":[],"footnotes":""},"class_list":["post-2743","page","type-page","status-publish","hentry","description-off"],"yoast_head":"<!-- This site is optimized with the Yoast SEO plugin v24.2 - https:\/\/yoast.com\/wordpress\/plugins\/seo\/ -->\n<title>Prensa - Comarka Expediciones | Rafting<\/title>\n<meta name=\"description\" content=\"Notas de la prensa que hablan de Comarka expediciones\" \/>\n<meta name=\"robots\" content=\"index, follow, max-snippet:-1, max-image-preview:large, max-video-preview:-1\" \/>\n<link rel=\"canonical\" href=\"https:\/\/comarkaexpediciones.com\/en\/prensa\/\" \/>\n<meta property=\"og:locale\" content=\"en_US\" \/>\n<meta property=\"og:type\" content=\"article\" \/>\n<meta property=\"og:title\" content=\"Prensa - Comarka Expediciones | Rafting\" \/>\n<meta property=\"og:description\" content=\"Notas de la prensa que hablan de Comarka expediciones\" \/>\n<meta property=\"og:url\" content=\"https:\/\/comarkaexpediciones.com\/en\/prensa\/\" \/>\n<meta property=\"og:site_name\" content=\"Comarka Expediciones | Rafting\" \/>\n<meta property=\"article:modified_time\" content=\"2023-09-15T19:43:15+00:00\" \/>\n<meta name=\"twitter:card\" content=\"summary_large_image\" \/>\n<meta name=\"twitter:label1\" content=\"Est. reading time\" \/>\n\t<meta name=\"twitter:data1\" content=\"1 minute\" \/>\n<script type=\"application\/ld+json\" class=\"yoast-schema-graph\">{\"@context\":\"https:\/\/schema.org\",\"@graph\":[{\"@type\":\"WebPage\",\"@id\":\"https:\/\/comarkaexpediciones.com\/en\/prensa\/\",\"url\":\"https:\/\/comarkaexpediciones.com\/en\/prensa\/\",\"name\":\"Prensa - Comarka Expediciones | Rafting\",\"isPartOf\":{\"@id\":\"https:\/\/comarkaexpediciones.com\/#website\"},\"datePublished\":\"2023-09-15T19:39:30+00:00\",\"dateModified\":\"2023-09-15T19:43:15+00:00\",\"description\":\"Notas de la prensa que hablan de Comarka expediciones\",\"breadcrumb\":{\"@id\":\"https:\/\/comarkaexpediciones.com\/en\/prensa\/#breadcrumb\"},\"inLanguage\":\"en-US\",\"potentialAction\":[{\"@type\":\"ReadAction\",\"target\":[\"https:\/\/comarkaexpediciones.com\/en\/prensa\/\"]}]},{\"@type\":\"BreadcrumbList\",\"@id\":\"https:\/\/comarkaexpediciones.com\/en\/prensa\/#breadcrumb\",\"itemListElement\":[{\"@type\":\"ListItem\",\"position\":1,\"name\":\"Portada\",\"item\":\"https:\/\/comarkaexpediciones.com\/en\/\"},{\"@type\":\"ListItem\",\"position\":2,\"name\":\"Press releases\"}]},{\"@type\":\"WebSite\",\"@id\":\"https:\/\/comarkaexpediciones.com\/#website\",\"url\":\"https:\/\/comarkaexpediciones.com\/\",\"name\":\"Comarka Expediciones | Rafting\",\"description\":\"Rafting en el Chalt\u00e9n y Chubut\",\"publisher\":{\"@id\":\"https:\/\/comarkaexpediciones.com\/#organization\"},\"potentialAction\":[{\"@type\":\"SearchAction\",\"target\":{\"@type\":\"EntryPoint\",\"urlTemplate\":\"https:\/\/comarkaexpediciones.com\/?s={search_term_string}\"},\"query-input\":{\"@type\":\"PropertyValueSpecification\",\"valueRequired\":true,\"valueName\":\"search_term_string\"}}],\"inLanguage\":\"en-US\"},{\"@type\":\"Organization\",\"@id\":\"https:\/\/comarkaexpediciones.com\/#organization\",\"name\":\"Comarka Expediciones\",\"url\":\"https:\/\/comarkaexpediciones.com\/\",\"logo\":{\"@type\":\"ImageObject\",\"inLanguage\":\"en-US\",\"@id\":\"https:\/\/comarkaexpediciones.com\/#\/schema\/logo\/image\/\",\"url\":\"https:\/\/comarkaexpediciones.com\/wp-content\/uploads\/2021\/12\/login-1.png\",\"contentUrl\":\"https:\/\/comarkaexpediciones.com\/wp-content\/uploads\/2021\/12\/login-1.png\",\"width\":200,\"height\":200,\"caption\":\"Comarka Expediciones\"},\"image\":{\"@id\":\"https:\/\/comarkaexpediciones.com\/#\/schema\/logo\/image\/\"}}]}<\/script>\n<!-- \/ Yoast SEO plugin. -->","yoast_head_json":{"title":"Prensa - Comarka Expediciones | Rafting","description":"Notas de la prensa que hablan de Comarka expediciones","robots":{"index":"index","follow":"follow","max-snippet":"max-snippet:-1","max-image-preview":"max-image-preview:large","max-video-preview":"max-video-preview:-1"},"canonical":"https:\/\/comarkaexpediciones.com\/en\/prensa\/","og_locale":"en_US","og_type":"article","og_title":"Prensa - Comarka Expediciones | Rafting","og_description":"Notas de la prensa que hablan de Comarka expediciones","og_url":"https:\/\/comarkaexpediciones.com\/en\/prensa\/","og_site_name":"Comarka Expediciones | Rafting","article_modified_time":"2023-09-15T19:43:15+00:00","twitter_card":"summary_large_image","twitter_misc":{"Est. reading time":"1 minute"},"schema":{"@context":"https:\/\/schema.org","@graph":[{"@type":"WebPage","@id":"https:\/\/comarkaexpediciones.com\/en\/prensa\/","url":"https:\/\/comarkaexpediciones.com\/en\/prensa\/","name":"Prensa - Comarka Expediciones | Rafting","isPartOf":{"@id":"https:\/\/comarkaexpediciones.com\/#website"},"datePublished":"2023-09-15T19:39:30+00:00","dateModified":"2023-09-15T19:43:15+00:00","description":"Notas de la prensa que hablan de Comarka expediciones","breadcrumb":{"@id":"https:\/\/comarkaexpediciones.com\/en\/prensa\/#breadcrumb"},"inLanguage":"en-US","potentialAction":[{"@type":"ReadAction","target":["https:\/\/comarkaexpediciones.com\/en\/prensa\/"]}]},{"@type":"BreadcrumbList","@id":"https:\/\/comarkaexpediciones.com\/en\/prensa\/#breadcrumb","itemListElement":[{"@type":"ListItem","position":1,"name":"Portada","item":"https:\/\/comarkaexpediciones.com\/en\/"},{"@type":"ListItem","position":2,"name":"Press releases"}]},{"@type":"WebSite","@id":"https:\/\/comarkaexpediciones.com\/#website","url":"https:\/\/comarkaexpediciones.com\/","name":"Comarka Expediciones | Rafting","description":"Rafting en el Chalt\u00e9n y Chubut","publisher":{"@id":"https:\/\/comarkaexpediciones.com\/#organization"},"potentialAction":[{"@type":"SearchAction","target":{"@type":"EntryPoint","urlTemplate":"https:\/\/comarkaexpediciones.com\/?s={search_term_string}"},"query-input":{"@type":"PropertyValueSpecification","valueRequired":true,"valueName":"search_term_string"}}],"inLanguage":"en-US"},{"@type":"Organization","@id":"https:\/\/comarkaexpediciones.com\/#organization","name":"Comarka Expediciones","url":"https:\/\/comarkaexpediciones.com\/","logo":{"@type":"ImageObject","inLanguage":"en-US","@id":"https:\/\/comarkaexpediciones.com\/#\/schema\/logo\/image\/","url":"https:\/\/comarkaexpediciones.com\/wp-content\/uploads\/2021\/12\/login-1.png","contentUrl":"https:\/\/comarkaexpediciones.com\/wp-content\/uploads\/2021\/12\/login-1.png","width":200,"height":200,"caption":"Comarka Expediciones"},"image":{"@id":"https:\/\/comarkaexpediciones.com\/#\/schema\/logo\/image\/"}}]}},"_links":{"self":[{"href":"https:\/\/comarkaexpediciones.com\/en\/wp-json\/wp\/v2\/pages\/2743","targetHints":{"allow":["GET"]}}],"collection":[{"href":"https:\/\/comarkaexpediciones.com\/en\/wp-json\/wp\/v2\/pages"}],"about":[{"href":"https:\/\/comarkaexpediciones.com\/en\/wp-json\/wp\/v2\/types\/page"}],"author":[{"embeddable":true,"href":"https:\/\/comarkaexpediciones.com\/en\/wp-json\/wp\/v2\/users\/1"}],"replies":[{"embeddable":true,"href":"https:\/\/comarkaexpediciones.com\/en\/wp-json\/wp\/v2\/comments?post=2743"}],"version-history":[{"count":0,"href":"https:\/\/comarkaexpediciones.com\/en\/wp-json\/wp\/v2\/pages\/2743\/revisions"}],"wp:attachment":[{"href":"https:\/\/comarkaexpediciones.com\/en\/wp-json\/wp\/v2\/media?parent=2743"}],"curies":[{"name":"wp","href":"https:\/\/api.w.org\/{rel}","templated":true}]}}